{"id":28,"date":"2023-10-01T01:57:54","date_gmt":"2023-10-01T01:57:54","guid":{"rendered":"https:\/\/s-cars.com.ar\/shop\/?page_id=28"},"modified":"2023-10-01T01:57:57","modified_gmt":"2023-10-01T01:57:57","slug":"nosotros","status":"publish","type":"page","link":"https:\/\/s-cars.com.ar\/shop\/nosotros\/","title":{"rendered":"Nosotros"},"content":{"rendered":"\t\t<div data-elementor-type=\"wp-page\" data-elementor-id=\"28\" class=\"elementor elementor-28\" data-elementor-post-type=\"page\">\n\t\t\t\t\t\t<section class=\"elementor-section elementor-top-section elementor-element elementor-element-7ed31e30 elementor-section-boxed elementor-section-height-default elementor-section-height-default\" data-id=\"7ed31e30\" data-element_type=\"section\" data-e-type=\"section\" data-settings=\"{&quot;background_background&quot;:&quot;slideshow&quot;,&quot;background_slideshow_gallery&quot;:[{&quot;id&quot;:38,&quot;url&quot;:&quot;http:\\\/\\\/s-cars.com.ar\\\/shop\\\/wp-content\\\/uploads\\\/2023\\\/10\\\/Recurso-31.jpg&quot;}],&quot;background_slideshow_loop&quot;:&quot;yes&quot;,&quot;background_slideshow_slide_duration&quot;:5000,&quot;background_slideshow_slide_transition&quot;:&quot;fade&quot;,&quot;background_slideshow_transition_duration&quot;:500}\">\n\t\t\t\t\t\t<div class=\"elementor-container elementor-column-gap-default\">\n\t\t\t\t\t<div class=\"elementor-column elementor-col-100 elementor-top-column elementor-element elementor-element-499f5e0d\" data-id=\"499f5e0d\" data-element_type=\"column\" data-e-type=\"column\">\n\t\t\t<div class=\"elementor-widget-wrap elementor-element-populated\">\n\t\t\t\t\t\t<div class=\"elementor-element elementor-element-5f84a2fd elementor-widget elementor-widget-heading\" data-id=\"5f84a2fd\" data-element_type=\"widget\" data-e-type=\"widget\" data-widget_type=\"heading.default\">\n\t\t\t\t<div class=\"elementor-widget-container\">\n\t\t\t\t\t<h2 class=\"elementor-heading-title elementor-size-default\">bienvenidos a<\/h2>\t\t\t\t<\/div>\n\t\t\t\t<\/div>\n\t\t\t\t<div class=\"elementor-element elementor-element-2774c6e4 elementor-widget elementor-widget-image\" data-id=\"2774c6e4\" data-element_type=\"widget\" data-e-type=\"widget\" data-widget_type=\"image.default\">\n\t\t\t\t<div class=\"elementor-widget-container\">\n\t\t\t\t\t\t\t\t\t\t\t\t\t\t\t<img decoding=\"async\" width=\"299\" height=\"33\" src=\"https:\/\/s-cars.com.ar\/shop\/wp-content\/uploads\/2023\/10\/Recurso-20.png\" class=\"attachment-large size-large wp-image-37\" alt=\"\" \/>\t\t\t\t\t\t\t\t\t\t\t\t\t\t\t<\/div>\n\t\t\t\t<\/div>\n\t\t\t\t\t<\/div>\n\t\t<\/div>\n\t\t\t\t\t<\/div>\n\t\t<\/section>\n\t\t\t\t<section class=\"elementor-section elementor-top-section elementor-element elementor-element-7bd0a914 elementor-section-full_width elementor-section-height-default elementor-section-height-default\" data-id=\"7bd0a914\" data-element_type=\"section\" data-e-type=\"section\" data-settings=\"{&quot;background_background&quot;:&quot;gradient&quot;}\">\n\t\t\t\t\t\t<div class=\"elementor-container elementor-column-gap-default\">\n\t\t\t\t\t<div class=\"elementor-column elementor-col-100 elementor-top-column elementor-element elementor-element-720ec04f\" data-id=\"720ec04f\" data-element_type=\"column\" data-e-type=\"column\">\n\t\t\t<div class=\"elementor-widget-wrap elementor-element-populated\">\n\t\t\t\t\t\t<div class=\"elementor-element elementor-element-297320a9 elementor-widget elementor-widget-heading\" data-id=\"297320a9\" data-element_type=\"widget\" data-e-type=\"widget\" data-widget_type=\"heading.default\">\n\t\t\t\t<div class=\"elementor-widget-container\">\n\t\t\t\t\t<h2 class=\"elementor-heading-title elementor-size-default\">\u00bfQUI\u00e9NES SOMOS?<\/h2>\t\t\t\t<\/div>\n\t\t\t\t<\/div>\n\t\t\t\t<div class=\"elementor-element elementor-element-4d82edd elementor-widget elementor-widget-text-editor\" data-id=\"4d82edd\" data-element_type=\"widget\" data-e-type=\"widget\" data-widget_type=\"text-editor.default\">\n\t\t\t\t<div class=\"elementor-widget-container\">\n\t\t\t\t\t\t\t\t\t<p>Somos S-Cars, una marca distinta. Venimos a ofrecer un servicio de facilidades a la hora de la venta de tu veh\u00edculo. <br \/>No solo que ponemos en condiciones la unidad para la venta, sino te asesoramos para que consigas un<br \/>nuevo auto, que seguramente, nosotros tenemos.<\/p><p>Estamos para ayudarte, que vender tu auto no sea un problema. Cont\u00e1ctanos y contamos cual es tu idea.<br \/>Tenemos trayectoria, informaci\u00f3n y utilidades para acondicionar tu auto, venderlo al mejor precio<br \/>y conseguir lo que buscabas, en un corto plazo.<\/p>\t\t\t\t\t\t\t\t<\/div>\n\t\t\t\t<\/div>\n\t\t\t\t<div class=\"elementor-element elementor-element-6934995f elementor-widget elementor-widget-image\" data-id=\"6934995f\" data-element_type=\"widget\" data-e-type=\"widget\" data-widget_type=\"image.default\">\n\t\t\t\t<div class=\"elementor-widget-container\">\n\t\t\t\t\t\t\t\t\t\t\t\t\t\t\t<img fetchpriority=\"high\" decoding=\"async\" width=\"721\" height=\"406\" src=\"https:\/\/s-cars.com.ar\/shop\/wp-content\/uploads\/2023\/10\/aaa-100.jpg\" class=\"attachment-large size-large wp-image-39\" alt=\"\" srcset=\"https:\/\/s-cars.com.ar\/shop\/wp-content\/uploads\/2023\/10\/aaa-100.jpg 721w, https:\/\/s-cars.com.ar\/shop\/wp-content\/uploads\/2023\/10\/aaa-100-600x338.jpg 600w, https:\/\/s-cars.com.ar\/shop\/wp-content\/uploads\/2023\/10\/aaa-100-300x169.jpg 300w\" sizes=\"(max-width: 721px) 100vw, 721px\" \/>\t\t\t\t\t\t\t\t\t\t\t\t\t\t\t<\/div>\n\t\t\t\t<\/div>\n\t\t\t\t<div class=\"elementor-element elementor-element-39dba446 elementor-position-top elementor-widget elementor-widget-image-box\" data-id=\"39dba446\" data-element_type=\"widget\" data-e-type=\"widget\" data-widget_type=\"image-box.default\">\n\t\t\t\t<div class=\"elementor-widget-container\">\n\t\t\t\t\t<div class=\"elementor-image-box-wrapper\"><figure class=\"elementor-image-box-img\"><img decoding=\"async\" width=\"95\" height=\"69\" src=\"https:\/\/s-cars.com.ar\/shop\/wp-content\/uploads\/2023\/10\/Recurso-32.png\" class=\"attachment-full size-full wp-image-40\" alt=\"\" \/><\/figure><div class=\"elementor-image-box-content\"><h3 class=\"elementor-image-box-title\">\u00bfC\u00d3MO TRABAJAMOS?<\/h3><p class=\"elementor-image-box-description\">Nos ponemos de tu lado y desarrollamos un plan de acci\u00f3n.<br>Te asesoramos sobre precios, marcas, modelos, sin ning\u00fan costo.<br>El objetivo es facilitarte la venta de tu veh\u00edculo anterior o la compra de tu futuro veh\u00edculo.<\/p><\/div><\/div>\t\t\t\t<\/div>\n\t\t\t\t<\/div>\n\t\t\t\t<div class=\"elementor-element elementor-element-28fdf5e0 elementor-position-top elementor-widget elementor-widget-image-box\" data-id=\"28fdf5e0\" data-element_type=\"widget\" data-e-type=\"widget\" data-widget_type=\"image-box.default\">\n\t\t\t\t<div class=\"elementor-widget-container\">\n\t\t\t\t\t<div class=\"elementor-image-box-wrapper\"><figure class=\"elementor-image-box-img\"><img loading=\"lazy\" decoding=\"async\" width=\"94\" height=\"94\" src=\"https:\/\/s-cars.com.ar\/shop\/wp-content\/uploads\/2023\/10\/Recurso-33.png\" class=\"attachment-full size-full wp-image-41\" alt=\"\" \/><\/figure><div class=\"elementor-image-box-content\"><h3 class=\"elementor-image-box-title\">MISI\u00d3N<\/h3><p class=\"elementor-image-box-description\">Satisfacci\u00f3n reciproca, de todas las partes vinculadas,<br>en proceso de compra y venta de un activo.<\/p><\/div><\/div>\t\t\t\t<\/div>\n\t\t\t\t<\/div>\n\t\t\t\t<div class=\"elementor-element elementor-element-52fd5723 elementor-position-top elementor-widget elementor-widget-image-box\" data-id=\"52fd5723\" data-element_type=\"widget\" data-e-type=\"widget\" data-widget_type=\"image-box.default\">\n\t\t\t\t<div class=\"elementor-widget-container\">\n\t\t\t\t\t<div class=\"elementor-image-box-wrapper\"><figure class=\"elementor-image-box-img\"><img loading=\"lazy\" decoding=\"async\" width=\"86\" height=\"89\" src=\"https:\/\/s-cars.com.ar\/shop\/wp-content\/uploads\/2023\/10\/Recurso-34.png\" class=\"attachment-full size-full wp-image-42\" alt=\"\" \/><\/figure><div class=\"elementor-image-box-content\"><h3 class=\"elementor-image-box-title\">VISI\u00d3N<\/h3><p class=\"elementor-image-box-description\">Ser la empresa l\u00edder, en administrar veh\u00edculos de terceros.<\/p><\/div><\/div>\t\t\t\t<\/div>\n\t\t\t\t<\/div>\n\t\t\t\t<div class=\"elementor-element elementor-element-2f558087 elementor-align-center e-transform elementor-widget elementor-widget-button\" data-id=\"2f558087\" data-element_type=\"widget\" data-e-type=\"widget\" data-settings=\"{&quot;_transform_scale_effect_hover&quot;:{&quot;unit&quot;:&quot;px&quot;,&quot;size&quot;:1.1,&quot;sizes&quot;:[]},&quot;_transform_scale_effect_hover_tablet&quot;:{&quot;unit&quot;:&quot;px&quot;,&quot;size&quot;:&quot;&quot;,&quot;sizes&quot;:[]},&quot;_transform_scale_effect_hover_mobile&quot;:{&quot;unit&quot;:&quot;px&quot;,&quot;size&quot;:&quot;&quot;,&quot;sizes&quot;:[]}}\" data-widget_type=\"button.default\">\n\t\t\t\t<div class=\"elementor-widget-container\">\n\t\t\t\t\t\t\t\t\t<div class=\"elementor-button-wrapper\">\n\t\t\t\t\t<a class=\"elementor-button elementor-button-link elementor-size-sm\" href=\"http:\/\/s-cars.com.ar\/contacto\/\">\n\t\t\t\t\t\t<span class=\"elementor-button-content-wrapper\">\n\t\t\t\t\t\t\t\t\t<span class=\"elementor-button-text\">\u00a1CONT\u00c1CTANOS!<\/span>\n\t\t\t\t\t<\/span>\n\t\t\t\t\t<\/a>\n\t\t\t\t<\/div>\n\t\t\t\t\t\t\t\t<\/div>\n\t\t\t\t<\/div>\n\t\t\t\t\t<\/div>\n\t\t<\/div>\n\t\t\t\t\t<\/div>\n\t\t<\/section>\n\t\t\t\t<\/div>\n\t\t","protected":false},"excerpt":{"rendered":"<p>bienvenidos a \u00bfQUI\u00e9NES SOMOS? Somos S-Cars, una marca distinta. Venimos a ofrecer un servicio de facilidades a la hora de la venta de tu veh\u00edculo. No solo que ponemos en condiciones la unidad para la venta, sino te asesoramos para que consigas unnuevo auto, que seguramente, nosotros tenemos. Estamos para ayudarte, que vender tu auto [&hellip;]<\/p>\n","protected":false},"author":2,"featured_media":0,"parent":0,"menu_order":0,"comment_status":"closed","ping_status":"closed","template":"","meta":{"_monsterinsights_skip_tracking":false,"_monsterinsights_sitenote_active":false,"_monsterinsights_sitenote_note":"","_monsterinsights_sitenote_category":0,"footnotes":""},"class_list":["post-28","page","type-page","status-publish","hentry"],"jetpack_sharing_enabled":true,"_links":{"self":[{"href":"https:\/\/s-cars.com.ar\/shop\/wp-json\/wp\/v2\/pages\/28","targetHints":{"allow":["GET"]}}],"collection":[{"href":"https:\/\/s-cars.com.ar\/shop\/wp-json\/wp\/v2\/pages"}],"about":[{"href":"https:\/\/s-cars.com.ar\/shop\/wp-json\/wp\/v2\/types\/page"}],"author":[{"embeddable":true,"href":"https:\/\/s-cars.com.ar\/shop\/wp-json\/wp\/v2\/users\/2"}],"replies":[{"embeddable":true,"href":"https:\/\/s-cars.com.ar\/shop\/wp-json\/wp\/v2\/comments?post=28"}],"version-history":[{"count":4,"href":"https:\/\/s-cars.com.ar\/shop\/wp-json\/wp\/v2\/pages\/28\/revisions"}],"predecessor-version":[{"id":48,"href":"https:\/\/s-cars.com.ar\/shop\/wp-json\/wp\/v2\/pages\/28\/revisions\/48"}],"wp:attachment":[{"href":"https:\/\/s-cars.com.ar\/shop\/wp-json\/wp\/v2\/media?parent=28"}],"curies":[{"name":"wp","href":"https:\/\/api.w.org\/{rel}","templated":true}]}}